{"id":198,"date":"2017-04-25T13:34:07","date_gmt":"2017-04-25T13:34:07","guid":{"rendered":"http:\/\/engage.veented.com\/fitness\/?page_id=198"},"modified":"2024-11-07T09:59:59","modified_gmt":"2024-11-07T09:59:59","slug":"services","status":"publish","type":"page","link":"https:\/\/xn--servicenterespaa-lub.es\/index.php\/services\/","title":{"rendered":"Servicios"},"content":{"rendered":"<p>[vc_row equal_height=\u00bbyes\u00bb content_placement=\u00bbmiddle\u00bb css=\u00bb.vc_custom_1638532644818{padding-top: 100px !important;padding-bottom: 50px !important;}\u00bb][vc_column width=\u00bb1\/2&#8243; css=\u00bb.vc_custom_1486050169012{padding-right: 50px !important;}\u00bb][vc_single_image image=\u00bb887&#8243; img_size=\u00bb800&#215;740&#8243; css_animation=\u00bbnone\u00bb css=\u00bb.vc_custom_1730969129356{margin-bottom: 0px !important;}\u00bb][\/vc_column][vc_column width=\u00bb1\/2&#8243;][vc_column_text css=\u00bb.vc_custom_1638527071837{margin-bottom: 25px !important;}\u00bb]<\/p>\n<h3>Reparaci\u00f3n<\/h3>\n<p>Si hay una aver\u00eda, nosotros tenemos la soluci\u00f3n. Analizamos el problema y te ofrecemos una respuesta adaptada a tus necesidades. Estar\u00e1s en las mejores manos.<\/p>\n<p>Reparamos maquinaria y herramientas como curvadoras, prensadoras, ranuradoras, roscadoras, perforadoras, expandidoras, bombas de comprobaci\u00f3n, congeladora, sierras de corte, entre otras.[\/vc_column_text][\/vc_column][\/vc_row][vc_row equal_height=\u00bbyes\u00bb content_placement=\u00bbmiddle\u00bb bg_color_pre=\u00bbbg-color-1&#8243; css=\u00bb.vc_custom_1638532662156{padding-top: 40px !important;padding-bottom: 40px !important;}\u00bb][vc_column width=\u00bb1\/2&#8243; col_padding=\u00bb5&#8243; col_padding_side=\u00bbright\u00bb][vc_column_text]<\/p>\n<h3>Venta de recambios<\/h3>\n<p>\u00bfBuscas piezas de repuesto originales REMS para tus herramientas? Entonces est\u00e1s en el lugar adecuado: en nuestro almac\u00e9n disponemos de piezas para la mayor\u00eda de las herramientas de la marca REMS<strong> excepto el recambio de m\u00e1quinas de prensado ya que tienen que pasar un <em>tester<\/em> de presi\u00f3n en nuestras instalaciones.<\/strong><\/p>\n<p>Ten en cuenta que el montaje de las piezas solo debe realizarlo personal cualificado. As\u00ed nos aseguramos de que todo funcione correctamente.[\/vc_column_text][\/vc_column][vc_column width=\u00bb1\/2&#8243;][vc_single_image image=\u00bb585&#8243; img_size=\u00bb800&#215;740&#8243; css_animation=\u00bbnone\u00bb css=\u00bb.vc_custom_1643361225086{margin-bottom: 0px !important;}\u00bb][\/vc_column][\/vc_row][vc_row equal_height=\u00bbyes\u00bb content_placement=\u00bbmiddle\u00bb css=\u00bb.vc_custom_1493394217746{padding-top: 80px !important;padding-bottom: 80px !important;}\u00bb][vc_column width=\u00bb1\/2&#8243; css=\u00bb.vc_custom_1486050169012{padding-right: 50px !important;}\u00bb][vc_single_image image=\u00bb596&#8243; img_size=\u00bb800&#215;740&#8243; css_animation=\u00bbnone\u00bb css=\u00bb.vc_custom_1643361246131{margin-bottom: 0px !important;}\u00bb][\/vc_column][vc_column width=\u00bb1\/2&#8243;][vc_column_text css=\u00bb.vc_custom_1643973779502{margin-bottom: 25px !important;}\u00bb]<\/p>\n<h3>Alquiler de herramientas<\/h3>\n<p>Te ofrecemos la posibilidad de alquilar maquinaria y herramientas\u00a0 para cubrir todas las necesidades de tu negocio. <strong>Ventajas:<\/strong>[\/vc_column_text][\/vc_column][\/vc_row][vc_row bg_color_pre=\u00bbbg-color-1&#8243; css=\u00bb.vc_custom_1495470942906{padding-top: 75px !important;padding-bottom: 20px !important;}\u00bb][vc_column][vc_row_inner css=\u00bb.vc_custom_1493821700763{padding-top: 10px !important;padding-bottom: 30px !important;}\u00bb][vc_column_inner width=\u00bb1\/4&#8243;][vc_column_text]<div class=\"vntd-icon-box vntd-content-element box-centered-circle icon-size-medium box-centered\"><div class=\"icon-box-icon bg-color-accent\"><i class=\"vc_li vc_li-megaphone\"><\/i><\/div><div class=\"icon-box-content\"><h5 class=\"icon-box-title\">Asesoramiento t\u00e9cnico<\/h5><p class=\"icon-description\">Presencial y telef\u00f3nico. Te ayudamos a estar al d\u00eda, facilit\u00e1ndote toda la informaci\u00f3n sobre el mantenimiento, la sustituci\u00f3n de piezas, etc.<\/p><\/div><\/div>[\/vc_column_text][\/vc_column_inner][vc_column_inner width=\u00bb1\/4&#8243;][vc_column_text]<div class=\"vntd-icon-box vntd-content-element box-centered-circle icon-size-medium box-centered\"><div class=\"icon-box-icon bg-color-accent\"><i class=\"vc_li vc_li-truck\"><\/i><\/div><div class=\"icon-box-content\"><h5 class=\"icon-box-title\">Transporte<\/h5><p class=\"icon-description\">Si nos los solicitas, te enviaremos a la agencia de transporte para recoger tus herramientas. Si est\u00e1n en garant\u00eda, este servicio es gratuito.<\/p><\/div><\/div>[\/vc_column_text][\/vc_column_inner][vc_column_inner width=\u00bb1\/4&#8243;][vc_column_text]<div class=\"vntd-icon-box vntd-content-element box-centered-circle icon-size-medium box-centered\"><div class=\"icon-box-icon bg-color-accent\"><i class=\"vc_li vc_li-user\"><\/i><\/div><div class=\"icon-box-content\"><h5 class=\"icon-box-title\">Asistencia<\/h5><p class=\"icon-description\">Nuestro trabajo no termina despu\u00e9s de una reparaci\u00f3n. Si en cualquier momento lo necesitas, estaremos al otro lado para resolver todas tus dudas.<\/p><\/div><\/div>[\/vc_column_text][\/vc_column_inner][vc_column_inner width=\u00bb1\/4&#8243;][vc_column_text]<div class=\"vntd-icon-box vntd-content-element box-centered-circle icon-size-medium box-centered\"><div class=\"icon-box-icon bg-color-accent\"><i class=\"vc_li vc_li-bulb\"><\/i><\/div><div class=\"icon-box-content\"><h5 class=\"icon-box-title\">Formaci\u00f3n para talleres<\/h5><p class=\"icon-description\">Ofrecemos cursos de formaci\u00f3n personalizados a empleados de otros servicios t\u00e9cnicos de REMS en Espa\u00f1a y en Portugal.<\/p><\/div><\/div>[\/vc_column_text][\/vc_column_inner][\/vc_row_inner][\/vc_column][\/vc_row][vc_row css=\u00bb.vc_custom_1493381507656{padding-top: 60px !important;padding-bottom: 80px !important;background-position: center !important;background-repeat: no-repeat !important;background-size: cover !important;}\u00bb][vc_column][vc_column_text]<div class=\"special-heading vntd-heading heading-no-border heading-align-center heading-with-icon\"style=\"margin-bottom:70px;\"><div class=\"special-heading-icon colored\"><i class=\"\"><\/i><\/div><h3 class=\"special-heading-title\">Galer\u00eda<\/h3><p class=\"special-heading-subtitle\">Os mostramos recopilaci\u00f3n gr\u00e1fica de nuestro trabajo<\/p><\/div><div class=\"vntd-image-gallery vntd-content-element \"><div id=\"vntd-gallery-3514\" class=\"vntd-grid grid-items vntd-gallery-grid grid-cols-3 hover-effect-scale hover-icon\" data-cols=\"3\" data-data-cols-tablet=\"3\" data-data-cols-mobile=\"1\" data-item-gap=\"5\"><div class=\"item grid-item cbp-item vntd-gallery-item mp-gallery\"><a href=\"https:\/\/xn--servicenterespaa-lub.es\/wp-content\/uploads\/2022\/01\/11012022-sarompas-00286-_DSC0287.jpg\"><div class=\"gallery-item-overlay\"><i class=\"vntd-gallery-zoom-icon engage-icon-icon engage-icon-zoom-2\"><\/i><\/div><img class=\"\" src=\"https:\/\/xn--servicenterespaa-lub.es\/wp-content\/uploads\/2022\/01\/11012022-sarompas-00286-_DSC0287-400x400.jpg\" width=\"400\" height=\"400\" alt=\"Servicio y reparaci\u00f3n Rems\" title=\"Servicio y reparaci\u00f3n Rems\" \/><\/a><\/div><div class=\"item grid-item cbp-item vntd-gallery-item mp-gallery\"><a href=\"https:\/\/xn--servicenterespaa-lub.es\/wp-content\/uploads\/2022\/01\/11012022-sarompas-00059-_DSC0060.jpg\"><div class=\"gallery-item-overlay\"><i class=\"vntd-gallery-zoom-icon engage-icon-icon engage-icon-zoom-2\"><\/i><\/div><img class=\"\" src=\"https:\/\/xn--servicenterespaa-lub.es\/wp-content\/uploads\/2022\/01\/11012022-sarompas-00059-_DSC0060-400x400.jpg\" width=\"400\" height=\"400\" alt=\"11012022-sarompas-00059-_DSC0060\" title=\"11012022-sarompas-00059-_DSC0060\" \/><\/a><\/div><div class=\"item grid-item cbp-item vntd-gallery-item mp-gallery\"><a href=\"https:\/\/xn--servicenterespaa-lub.es\/wp-content\/uploads\/2024\/11\/rems.jpg\"><div class=\"gallery-item-overlay\"><i class=\"vntd-gallery-zoom-icon engage-icon-icon engage-icon-zoom-2\"><\/i><\/div><img class=\"\" src=\"https:\/\/xn--servicenterespaa-lub.es\/wp-content\/uploads\/2024\/11\/rems-400x400.jpg\" width=\"400\" height=\"400\" alt=\"rems\" title=\"rems\" \/><\/a><\/div><div class=\"item grid-item cbp-item vntd-gallery-item mp-gallery\"><a href=\"https:\/\/xn--servicenterespaa-lub.es\/wp-content\/uploads\/2024\/11\/servicenter1.jpg\"><div class=\"gallery-item-overlay\"><i class=\"vntd-gallery-zoom-icon engage-icon-icon engage-icon-zoom-2\"><\/i><\/div><img class=\"\" src=\"https:\/\/xn--servicenterespaa-lub.es\/wp-content\/uploads\/2024\/11\/servicenter1-400x400.jpg\" width=\"400\" height=\"400\" alt=\"servicenter1\" title=\"servicenter1\" \/><\/a><\/div><div class=\"item grid-item cbp-item vntd-gallery-item mp-gallery\"><a href=\"https:\/\/xn--servicenterespaa-lub.es\/wp-content\/uploads\/2024\/11\/nosotros_servicenter.jpg\"><div class=\"gallery-item-overlay\"><i class=\"vntd-gallery-zoom-icon engage-icon-icon engage-icon-zoom-2\"><\/i><\/div><img class=\"\" src=\"https:\/\/xn--servicenterespaa-lub.es\/wp-content\/uploads\/2024\/11\/nosotros_servicenter-400x400.jpg\" width=\"400\" height=\"400\" alt=\"nosotros_servicenter\" title=\"nosotros_servicenter\" \/><\/a><\/div><div class=\"item grid-item cbp-item vntd-gallery-item mp-gallery\"><a href=\"https:\/\/xn--servicenterespaa-lub.es\/wp-content\/uploads\/2022\/01\/11012022-sarompas-00276-_DSC0277.jpg\"><div class=\"gallery-item-overlay\"><i class=\"vntd-gallery-zoom-icon engage-icon-icon engage-icon-zoom-2\"><\/i><\/div><img class=\"\" src=\"https:\/\/xn--servicenterespaa-lub.es\/wp-content\/uploads\/2022\/01\/11012022-sarompas-00276-_DSC0277-400x400.jpg\" width=\"400\" height=\"400\" alt=\"11012022-sarompas-00276-_DSC0277\" title=\"11012022-sarompas-00276-_DSC0277\" \/><\/a><\/div><div class=\"item grid-item cbp-item vntd-gallery-item mp-gallery\"><a href=\"https:\/\/xn--servicenterespaa-lub.es\/wp-content\/uploads\/2022\/01\/11012022-sarompas-00050-_DSC0051.jpg\"><div class=\"gallery-item-overlay\"><i class=\"vntd-gallery-zoom-icon engage-icon-icon engage-icon-zoom-2\"><\/i><\/div><img class=\"\" src=\"https:\/\/xn--servicenterespaa-lub.es\/wp-content\/uploads\/2022\/01\/11012022-sarompas-00050-_DSC0051-400x400.jpg\" width=\"400\" height=\"400\" alt=\"11012022-sarompas-00050-_DSC0051\" title=\"11012022-sarompas-00050-_DSC0051\" \/><\/a><\/div><div class=\"item grid-item cbp-item vntd-gallery-item mp-gallery\"><a href=\"https:\/\/xn--servicenterespaa-lub.es\/wp-content\/uploads\/2022\/01\/11012022-sarompas-00120-_DSC0121.jpg\"><div class=\"gallery-item-overlay\"><i class=\"vntd-gallery-zoom-icon engage-icon-icon engage-icon-zoom-2\"><\/i><\/div><img class=\"\" src=\"https:\/\/xn--servicenterespaa-lub.es\/wp-content\/uploads\/2022\/01\/11012022-sarompas-00120-_DSC0121-400x400.jpg\" width=\"400\" height=\"400\" alt=\"11012022-sarompas-00120-_DSC0121\" title=\"11012022-sarompas-00120-_DSC0121\" \/><\/a><\/div><\/div><\/div>[\/vc_column_text][\/vc_column][\/vc_row][vc_row full_width=\u00bbstretch_row_content_no_spaces\u00bb parallax=\u00bbcontent-moving\u00bb parallax_speed_bg=\u00bb1.3&#8243; bg_overlay=\u00bbdark50&#8243; css=\u00bb.vc_custom_1495470873703{padding-top: 65px !important;padding-bottom: 55px !important;background-image: url(http:\/\/engage.veented.com\/construction\/wp-content\/uploads\/sites\/19\/2017\/04\/shutterstock_149987300.jpg?id=432) !important;}\u00bb][vc_column css=\u00bb.vc_custom_1482168085083{padding-top: 0px !important;}\u00bb][vc_column_text]<div class=\"vntd-cta cta-text-color-white bg-color-none cta-align-center\"><div class=\"container\"><div class=\"row\"><div class=\"cta-texts\"><h2 class=\"cta-heading\"><span>\u00bfQuieres contratar alguno de nuestros servicios?<\/span><\/h2><p class=\"cta-subtitle\">Cont\u00e1ctanos y te ayudaremos en lo que necesites<\/p><\/div><div class=\"cta-buttons\"><a href=\"https:\/\/xn--servicenterespaa-lub.es\/index.php\/contact\/\" target=\"_blank\" class=\"btn cta-btn1 btn-solid btn-accent btn-hover-dark\">Asistencia T\u00e9cnica<\/a><\/div><\/div><\/div><\/div>[\/vc_column_text][\/vc_column][\/vc_row]<\/p>\n","protected":false},"excerpt":{"rendered":"<p>[vc_row equal_height=\u00bbyes\u00bb content_placement=\u00bbmiddle\u00bb css=\u00bb.vc_custom_1638532644818{padding-top: 100px !important;padding-bottom: 50px !important;}\u00bb][vc_column width=\u00bb1\/2&#8243; css=\u00bb.vc_custom_1486050169012{padding-right: 50px !important;}\u00bb][vc_single_image image=\u00bb887&#8243; img_size=\u00bb800&#215;740&#8243; css_animation=\u00bbnone\u00bb css=\u00bb.vc_custom_1730969129356{margin-bottom: 0px !important;}\u00bb][\/vc_column][vc_column width=\u00bb1\/2&#8243;][vc_column_text css=\u00bb.vc_custom_1638527071837{margin-bottom: 25px !important;}\u00bb] Reparaci\u00f3n Si hay una aver\u00eda, nosotros tenemos la soluci\u00f3n. Analizamos el problema y te ofrecemos una respuesta adaptada a tus necesidades. Estar\u00e1s en las mejores manos. Reparamos maquinaria [&hellip;]<\/p>\n","protected":false},"author":2,"featured_media":0,"parent":0,"menu_order":0,"comment_status":"closed","ping_status":"closed","template":"","meta":[],"_links":{"self":[{"href":"https:\/\/xn--servicenterespaa-lub.es\/index.php\/wp-json\/wp\/v2\/pages\/198"}],"collection":[{"href":"https:\/\/xn--servicenterespaa-lub.es\/index.php\/wp-json\/wp\/v2\/pages"}],"about":[{"href":"https:\/\/xn--servicenterespaa-lub.es\/index.php\/wp-json\/wp\/v2\/types\/page"}],"author":[{"embeddable":true,"href":"https:\/\/xn--servicenterespaa-lub.es\/index.php\/wp-json\/wp\/v2\/users\/2"}],"replies":[{"embeddable":true,"href":"https:\/\/xn--servicenterespaa-lub.es\/index.php\/wp-json\/wp\/v2\/comments?post=198"}],"version-history":[{"count":14,"href":"https:\/\/xn--servicenterespaa-lub.es\/index.php\/wp-json\/wp\/v2\/pages\/198\/revisions"}],"predecessor-version":[{"id":890,"href":"https:\/\/xn--servicenterespaa-lub.es\/index.php\/wp-json\/wp\/v2\/pages\/198\/revisions\/890"}],"wp:attachment":[{"href":"https:\/\/xn--servicenterespaa-lub.es\/index.php\/wp-json\/wp\/v2\/media?parent=198"}],"curies":[{"name":"wp","href":"https:\/\/api.w.org\/{rel}","templated":true}]}}